{"id":556,"date":"2026-03-05T12:54:36","date_gmt":"2026-03-05T12:54:36","guid":{"rendered":"https:\/\/114gravelrace.com\/?page_id=556"},"modified":"2026-03-24T07:01:14","modified_gmt":"2026-03-24T07:01:14","slug":"programa","status":"publish","type":"page","link":"https:\/\/114gravelrace.com\/pt\/programa\/","title":{"rendered":"Programa"},"content":{"rendered":"<section style=\"max-width: 1120px; margin: 0 auto; padding: 3.4rem 1.5rem 4.8rem; font-family: 'Montserrat',system-ui,-apple-system,BlinkMacSystemFont,'Segoe UI',sans-serif; color: #222;\"><!-- HERO --><\/p>\n<header style=\"text-align: center; margin: 0 0 2.2rem;\">\n<h1 style=\"font-size: 1.7rem; letter-spacing: 0.18em; text-transform: uppercase; margin: 0 0 0.7rem; font-weight: bold;\">Programa<br \/>\n114 Corrida de cascalho - UGWS 2026<\/h1>\n<p style=\"max-width: 880px; margin: 0 auto; font-size: 0.96rem; line-height: 1.75; color: #555;\">Actividades e hor\u00e1rios de fim de semana <strong style=\"font-weight: bold;\">26-28 de mar\u00e7o de 2026<\/strong>.<br \/>\nOs hor\u00e1rios s\u00e3o apresentados em <strong style=\"font-weight: bold;\">hora local<\/strong> de cada pa\u00eds:<br \/>\n<strong style=\"font-weight: bold;\">PT<\/strong> (Portugal) e <strong style=\"font-weight: bold;\">PT<\/strong> (Espanha).<\/p>\n<p><!-- NAV --><\/p>\n<div style=\"display: flex; flex-wrap: wrap; gap: 0.7rem; justify-content: center; margin-top: 1.2rem;\"><a style=\"display: inline-flex; align-items: center; justify-content: center; min-height: 38px; padding: 0.65rem 1.05rem; border-radius: 999px; background: #000; color: #fff; text-decoration: none; letter-spacing: 0.14em; text-transform: uppercase; font-weight: 600; font-size: 0.76rem; line-height: 1;\" href=\"#jueves\"><br \/>\nQuinta-feira 26<br \/>\n<\/a><br \/>\n<a style=\"display: inline-flex; align-items: center; justify-content: center; min-height: 38px; padding: 0.65rem 1.05rem; border-radius: 999px; background: #000; color: #fff; text-decoration: none; letter-spacing: 0.14em; text-transform: uppercase; font-weight: 600; font-size: 0.76rem; line-height: 1;\" href=\"#viernes\"><br \/>\nViernes 27<br \/>\n<\/a><br \/>\n<a style=\"display: inline-flex; align-items: center; justify-content: center; min-height: 38px; padding: 0.65rem 1.05rem; border-radius: 999px; background: #000; color: #fff; text-decoration: none; letter-spacing: 0.14em; text-transform: uppercase; font-weight: 600; font-size: 0.76rem; line-height: 1;\" href=\"#sabado\"><br \/>\nS\u00e1bado 28<br \/>\n<\/a><\/div>\n<p><!-- CALENDARIO: PROGRAMA COMPLETO --><\/p>\n<div style=\"margin-top: 1.05rem;\"><a style=\"display: inline-flex; align-items: center; justify-content: center; min-height: 40px; padding: 0.72rem 1.25rem; border-radius: 999px; background: #111; color: #fff; text-decoration: none; letter-spacing: 0.14em; text-transform: uppercase; font-weight: 600; font-size: 0.76rem; line-height: 1; box-shadow: 0 18px 40px rgba(0,0,0,0.20);\" href=\"https:\/\/calendar.google.com\/calendar\/render?action=TEMPLATE&amp;text=114%20Gravel%20Race%20-%20Programa%20General&amp;dates=20260326T090000\/20260328T180000&amp;details=Programa%20general%20de%20actividades%20(26%E2%80%9328%20marzo%202026).%20Consulta%20la%20web%20para%20detalles%20y%20actualizaciones.%20Horarios%20en%20hora%20local%20(PT%20Portugal%20\/%20ES%20Espa%C3%B1a).&amp;location=Elvas%20(Portugal)%20%E2%80%93%20Badajoz%20(Espa%C3%B1a)&amp;ctz=Europe\/Madrid\" target=\"_blank\" rel=\"noopener\"><br \/>\nAdicionar o programa completo ao calend\u00e1rio<br \/>\n<\/a><\/div>\n<\/header>\n<p><!-- UBICACI\u00d3N PRINCIPAL BADAJOZ --><\/p>\n<section style=\"max-width: 980px; margin: 0 auto 1.7rem; text-align: center;\">\n<div style=\"display: inline-flex; flex-wrap: wrap; gap: 0.6rem; justify-content: center; align-items: center;\"><span style=\"display: inline-flex; align-items: center; justify-content: center; min-height: 36px; padding: 0.55rem 0.95rem; border-radius: 999px; background: rgba(0,0,0,0.06); color: #333; letter-spacing: 0.12em; text-transform: uppercase; font-weight: 600; font-size: 0.72rem; line-height: 1;\"><br \/>\nBadajoz - local oficial das actividades<br \/>\n<\/span><br \/>\n<a style=\"display: inline-flex; align-items: center; justify-content: center; min-height: 36px; padding: 0.55rem 0.95rem; border-radius: 999px; background: #000; color: #fff; text-decoration: none; letter-spacing: 0.12em; text-transform: uppercase; font-weight: 600; font-size: 0.72rem; line-height: 1;\" href=\"https:\/\/maps.app.goo.gl\/Gh8HXQw1gJWgCvhN8\" target=\"_blank\" rel=\"noopener\"><br \/>\nVer no Google Maps<br \/>\n<\/a><\/div>\n<\/section>\n<p><!-- GRID D\u00cdAS --><\/p>\n<div style=\"display: grid; grid-template-columns: repeat(auto-fit,minmax(320px,1fr)); gap: 1.5rem; align-items: start;\">\n<p><!-- JUEVES --><\/p>\n<section id=\"jueves\" style=\"background: #fff; border-radius: 1.65rem; padding: 1.45rem 1.55rem; box-shadow: 0 22px 45px rgba(0,0,0,0.14); border: 1px solid rgba(0,0,0,0.06);\">\n<div style=\"font-size: 0.76rem; text-transform: uppercase; letter-spacing: 0.18em; color: #7b6b48; margin-bottom: 0.2rem; font-weight: 600;\">Quinta-feira<\/div>\n<h2 style=\"margin: 0 0 0.35rem; font-size: 1.22rem; letter-spacing: 0.08em; text-transform: uppercase; font-weight: bold;\">26 de mar\u00e7o de 2026<\/h2>\n<p style=\"margin: 0.55rem 0 1rem; font-size: 0.92rem; line-height: 1.6; color: #555; text-align: center;\"><strong style=\"font-weight: bold;\">Elvas (PT)<\/strong> - Museu Militar \/ Forte da Gra\u00e7a<\/p>\n<p><!-- Map buttons --><\/p>\n<div style=\"display: flex; flex-wrap: wrap; gap: 0.6rem; margin: 0 0 1.1rem; justify-content: center;\"><a style=\"display: inline-flex; align-items: center; justify-content: center; min-height: 38px; padding: 0.65rem 1.05rem; border-radius: 999px; background: #000; color: #fff; text-decoration: none; letter-spacing: 0.12em; text-transform: uppercase; font-weight: 600; font-size: 0.74rem; line-height: 1;\" href=\"https:\/\/www.google.com\/maps\/search\/?api=1&amp;query=Museu%20Militar%20de%20Elvas\" target=\"_blank\" rel=\"noopener\"><br \/>\nMuseu Militar<br \/>\n<\/a><br \/>\n<a style=\"display: inline-flex; align-items: center; justify-content: center; min-height: 38px; padding: 0.65rem 1.05rem; border-radius: 999px; background: #000; color: #fff; text-decoration: none; letter-spacing: 0.12em; text-transform: uppercase; font-weight: 600; font-size: 0.74rem; line-height: 1;\" href=\"https:\/\/www.google.com\/maps\/search\/?api=1&amp;query=Forte%20da%20Gra%C3%A7a%20Elvas\" target=\"_blank\" rel=\"noopener\"><br \/>\nForte da Gra\u00e7a<br \/>\n<\/a><\/div>\n<p><!-- Timeline --><\/p>\n<div style=\"display: grid; gap: 0.75rem;\">\n<div style=\"padding: 0.95rem 1.05rem; border-radius: 1.2rem; background: rgba(0,0,0,0.03);\">\n<div style=\"font-weight: bold;\"><span style=\"font-weight: bold;\">10:00-13:00PT) - Gabinete de carreiras<\/span><\/div>\n<div style=\"font-weight: bold;\"><span style=\"font-weight: bold;\">17:00-19:00<\/span> - Gabinete de carreiras<\/div>\n<div style=\"font-size: 0.9rem; color: #555; line-height: 1.6; margin-top: 0.25rem;\">Levantamento de bibes (apenas para os escal\u00f5es et\u00e1rios)<\/div>\n<\/div>\n<div style=\"padding: 0.95rem 1.05rem; border-radius: 1.2rem; background: rgba(0,0,0,0.03);\">\n<div style=\"font-weight: bold;\"><span style=\"font-weight: bold;\">10:30-12:00 (PT)<\/span> - Passeio social <span style=\"font-weight: 600;\">por Specialized<\/span><\/div>\n<\/div>\n<div style=\"padding: 0.95rem 1.05rem; border-radius: 1.2rem; background: rgba(0,0,0,0.03);\">\n<div style=\"font-weight: bold;\"><span style=\"font-weight: bold;\">16:30-18:30 (PT)<\/span> - Contrarrel\u00f3gio de subida - Forte de Gr\u00e0cia <span style=\"font-weight: 600;\">por Specialized<\/span><\/div>\n<div style=\"font-size: 0.9rem; color: #555; line-height: 1.6; margin-top: 0.25rem;\">Atividade com inscri\u00e7\u00e3o espec\u00edfica (lugares limitados)<\/div>\n<div style=\"display: flex; flex-wrap: wrap; gap: 0.6rem; margin-top: 0.85rem; justify-content: center;\"><a style=\"display: inline-flex; align-items: center; justify-content: center; min-height: 40px; padding: 0.72rem 1.15rem; border-radius: 999px; background: #000; color: #fff; text-decoration: none; letter-spacing: 0.12em; text-transform: uppercase; font-weight: bold; font-size: 0.74rem; line-height: 1; box-shadow: 0 18px 40px rgba(0,0,0,0.18);\" href=\"https:\/\/extremenamente.com\/producto\/cronoescalada-fuerte-de-gracia-elvas-ugws-114-gravel-race\/\" target=\"_blank\" rel=\"noopener\"><br \/>\nInscreve-me Chronoescalada<br \/>\n<\/a><\/div>\n<\/div>\n<div style=\"padding: 0.95rem 1.05rem; border-radius: 1.2rem; background: rgba(0,0,0,0.03);\">\n<div style=\"font-weight: bold;\"><span style=\"font-weight: bold;\">17:00-19:00 (PT)<\/span> - Jogos para crian\u00e7as - Museu Militar<\/div>\n<\/div>\n<div style=\"padding: 0.95rem 1.05rem; border-radius: 1.2rem; background: rgba(0,0,0,0.03);\">\n<div style=\"font-weight: bold;\"><span style=\"font-weight: bold;\">18:30-19:00 (PT)<\/span> \u00b7 Trof\u00e9us Subida Cronometrada \u00b7 Forte da Gra\u00e7a by Specialized<\/div>\n<\/div>\n<\/div>\n<p><!-- Add day --><\/p>\n<div style=\"margin-top: 1.15rem; text-align: center;\"><a style=\"display: inline-flex; align-items: center; justify-content: center; min-height: 40px; padding: 0.72rem 1.25rem; border-radius: 999px; background: #111; color: #fff; text-decoration: none; letter-spacing: 0.14em; text-transform: uppercase; font-weight: 600; font-size: 0.74rem; line-height: 1;\" href=\"https:\/\/calendar.google.com\/calendar\/render?action=TEMPLATE&amp;text=114%20Gravel%20Race%20-%20Programa%20(Jueves%2026)&amp;dates=20260326T100000\/20260326T190000&amp;details=Elvas%20(PT)%3A%20Oficina%2010%3A00-19%3A00%2C%20Social%20Ride%2010%3A30-12%3A00%20(by%20Specialized)%2C%20Cronoescalada%2016%3A30-18%3A30%20(by%20Specialized)%2C%20Juegos%2017%3A00-19%3A00%2C%20Trofeos%2018%3A30-19%3A00.%20Horarios%20en%20hora%20local%20PT.&amp;location=Elvas%2C%20Portugal&amp;ctz=Europe\/Lisbon\" target=\"_blank\" rel=\"noopener\"><br \/>\nAdicionar quinta-feira ao calend\u00e1rio<br \/>\n<\/a><\/div>\n<\/section>\n<p><!-- VIERNES --><\/p>\n<section id=\"viernes\" style=\"background: #fff; border-radius: 1.65rem; padding: 1.45rem 1.55rem; box-shadow: 0 22px 45px rgba(0,0,0,0.14); border: 1px solid rgba(0,0,0,0.06);\">\n<div style=\"font-size: 0.76rem; text-transform: uppercase; letter-spacing: 0.18em; color: #7b6b48; margin-bottom: 0.2rem; font-weight: 600;\">Sexta-feira<\/div>\n<h2 style=\"margin: 0 0 0.35rem; font-size: 1.22rem; letter-spacing: 0.08em; text-transform: uppercase; font-weight: bold;\">27 de mar\u00e7o de 2026<\/h2>\n<p style=\"margin: 0.55rem 0 1rem; font-size: 0.92rem; line-height: 1.6; color: #555; text-align: center;\"><strong style=\"font-weight: bold;\">Elvas (PT)<\/strong> de manh\u00e3 <strong style=\"font-weight: bold;\">Badajoz (ES)<\/strong> \u00e0 tarde (local oficial).<\/p>\n<div style=\"display: flex; flex-wrap: wrap; gap: 0.6rem; margin: 0 0 1.1rem; justify-content: center;\"><a style=\"display: inline-flex; align-items: center; justify-content: center; min-height: 38px; padding: 0.65rem 1.05rem; border-radius: 999px; background: #000; color: #fff; text-decoration: none; letter-spacing: 0.12em; text-transform: uppercase; font-weight: 600; font-size: 0.74rem; line-height: 1;\" href=\"https:\/\/www.google.com\/maps\/search\/?api=1&amp;query=Museu%20Militar%20de%20Elvas\" target=\"_blank\" rel=\"noopener\"><br \/>\nMapa de Elvas<br \/>\n<\/a><br \/>\n<a style=\"display: inline-flex; align-items: center; justify-content: center; min-height: 38px; padding: 0.65rem 1.05rem; border-radius: 999px; background: #000; color: #fff; text-decoration: none; letter-spacing: 0.12em; text-transform: uppercase; font-weight: 600; font-size: 0.74rem; line-height: 1;\" href=\"https:\/\/maps.app.goo.gl\/Gh8HXQw1gJWgCvhN8\" target=\"_blank\" rel=\"noopener\"><br \/>\nMapa de Badajoz<br \/>\n<\/a><\/div>\n<div style=\"display: grid; gap: 0.75rem;\"><!-- Elvas --><\/p>\n<div style=\"padding: 0.95rem 1.05rem; border-radius: 1.2rem; background: rgba(0,0,0,0.03);\">\n<div style=\"font-size: 0.78rem; letter-spacing: 0.16em; text-transform: uppercase; color: #7b6b48; font-weight: 600; margin-bottom: 0.35rem; text-align: center;\">Elvas (PT)<\/div>\n<div style=\"font-weight: bold;\"><span style=\"font-weight: bold;\">10:00\u201313:00<\/span> - Gabinete de Carreira (Grupos et\u00e1rios)<\/div>\n<div style=\"font-weight: bold; margin-top: 0.35rem;\"><span style=\"font-weight: bold;\">10:30\u201312:00<\/span> - Passeio social <span style=\"font-weight: 600;\">por Radio Gravel<\/span><\/div>\n<div style=\"font-weight: bold; margin-top: 0.35rem;\"><span style=\"font-weight: bold;\">10:00\u201313:00<\/span> - Jogos para crian\u00e7as (Museu Militar)<\/div>\n<\/div>\n<p><!-- Badajoz --><\/p>\n<div style=\"padding: 0.95rem 1.05rem; border-radius: 1.2rem; background: rgba(0,0,0,0.03);\">\n<div style=\"font-size: 0.78rem; letter-spacing: 0.16em; text-transform: uppercase; color: #7b6b48; font-weight: 600; margin-bottom: 0.35rem; text-align: center;\">Badajoz (ES)<\/div>\n<div style=\"font-weight: bold;\"><span style=\"font-weight: bold;\">17:30\u201320:00<\/span> - Secretariado da prova (dorsais)<\/div>\n<div style=\"font-weight: bold; margin-top: 0.35rem;\"><span style=\"font-weight: bold;\">17:30\u201320:00<\/span> - Transporte de bicicletas<\/div>\n<div style=\"font-weight: bold; margin-top: 0.35rem;\"><span style=\"font-weight: bold;\">17:00\u201318:30<\/span> - Passeio social <span style=\"font-weight: 600;\">por Specialized<\/span><\/div>\n<div style=\"font-weight: bold; margin-top: 0.35rem;\"><span style=\"font-weight: bold;\">19:00\u201320:30<\/span> - Jamonparty (Jamoner\u00eda Galisteo)<\/div>\n<div style=\"font-weight: bold; margin-top: 0.35rem;\"><span style=\"font-weight: bold;\">17:00\u201320:00<\/span> - Gymkana Kids da Specialized<\/div>\n<div style=\"font-weight: bold; margin-top: 0.45rem;\"><span style=\"font-weight: bold;\">20:00<\/span> - Briefing oficial<\/div>\n<\/div>\n<\/div>\n<div style=\"margin-top: 1.15rem; text-align: center;\"><a style=\"display: inline-flex; align-items: center; justify-content: center; min-height: 40px; padding: 0.72rem 1.25rem; border-radius: 999px; background: #111; color: #fff; text-decoration: none; letter-spacing: 0.14em; text-transform: uppercase; font-weight: 600; font-size: 0.74rem; line-height: 1;\" href=\"https:\/\/calendar.google.com\/calendar\/render?action=TEMPLATE&amp;text=114%20Gravel%20Race%20-%20Programa%20(Viernes%2027)&amp;dates=20260327T100000\/20260327T203000&amp;details=Elvas%20(PT)%3A%20Oficina%2010%3A00-13%3A00%2C%20Social%20Ride%2010%3A30-12%3A00%20(by%20Radio%20Gravel)%2C%20Juegos%2010%3A00-13%3A00.%20Badajoz%20(ES)%3A%20Oficina%2017%3A30-20%3A00%2C%20Transfer%2017%3A30-20%3A00%2C%20Social%20Ride%2018%3A00-19%3A30%20(by%20Specialized)%2C%20Jamonparty%2019%3A00-20%3A00%2C%20Gymkana%2019%3A00-20%3A00%2C%20Briefing%2020%3A00.%20Horarios%20en%20hora%20local%20(PT\/ES).&amp;location=Badajoz%20(Espa%C3%B1a)%20-%20Ubicaci%C3%B3n%20oficial&amp;ctz=Europe\/Madrid\" target=\"_blank\" rel=\"noopener\"><br \/>\nAdicionar sexta-feira ao calend\u00e1rio<br \/>\n<\/a><\/div>\n<\/section>\n<p><!-- S\u00c1BADO --><\/p>\n<section id=\"sabado\" style=\"background: #fff; border-radius: 1.65rem; padding: 1.45rem 1.55rem; box-shadow: 0 22px 45px rgba(0,0,0,0.14); border: 1px solid rgba(0,0,0,0.06);\">\n<div style=\"font-size: 0.76rem; text-transform: uppercase; letter-spacing: 0.18em; color: #7b6b48; margin-bottom: 0.2rem; font-weight: 600;\">S\u00e1bado<\/div>\n<h2 style=\"margin: 0 0 0.35rem; font-size: 1.22rem; letter-spacing: 0.08em; text-transform: uppercase; font-weight: bold;\">28 de mar\u00e7o de 2026<\/h2>\n<p style=\"margin: 0.55rem 0 1rem; font-size: 0.92rem; line-height: 1.6; color: #555; text-align: center;\">Dia da corrida - in\u00edcio \u00e0s <strong style=\"font-weight: bold;\">Elvas (PT)<\/strong> - e p\u00f3dios em <strong style=\"font-weight: bold;\">Badajoz (ES)<\/strong>.<\/p>\n<div style=\"display: flex; flex-wrap: wrap; gap: 0.6rem; margin: 0 0 1.1rem; justify-content: center;\"><a style=\"display: inline-flex; align-items: center; justify-content: center; min-height: 38px; padding: 0.65rem 1.05rem; border-radius: 999px; background: #000; color: #fff; text-decoration: none; letter-spacing: 0.12em; text-transform: uppercase; font-weight: 600; font-size: 0.74rem; line-height: 1;\" href=\"https:\/\/www.google.com\/maps\/search\/?api=1&amp;query=Museu%20Militar%20de%20Elvas\" target=\"_blank\" rel=\"noopener\"><br \/>\nSa\u00edda de Elvas<br \/>\n<\/a><br \/>\n<a style=\"display: inline-flex; align-items: center; justify-content: center; min-height: 38px; padding: 0.65rem 1.05rem; border-radius: 999px; background: #000; color: #fff; text-decoration: none; letter-spacing: 0.12em; text-transform: uppercase; font-weight: 600; font-size: 0.74rem; line-height: 1;\" href=\"https:\/\/maps.app.goo.gl\/Gh8HXQw1gJWgCvhN8\" target=\"_blank\" rel=\"noopener\"><br \/>\nChegada a Badajoz<br \/>\n<\/a><\/div>\n<div style=\"display: grid; gap: 0.75rem;\">\n<div style=\"padding: 0.95rem 1.05rem; border-radius: 1.2rem; background: rgba(0,0,0,0.03);\">\n<div style=\"font-size: 0.78rem; letter-spacing: 0.16em; text-transform: uppercase; color: #7b6b48; font-weight: 600; margin-bottom: 0.35rem; text-align: center;\">Badajoz (ES)<\/div>\n<div style=\"font-weight: bold;\"><span style=\"font-weight: bold;\">06:30\u201307:30<\/span> - Transferir Badajoz \u2192 Elvas<\/div>\n<\/div>\n<div style=\"padding: 0.95rem 1.05rem; border-radius: 1.2rem; background: rgba(0,0,0,0.03);\">\n<div style=\"font-size: 0.78rem; letter-spacing: 0.16em; text-transform: uppercase; color: #7b6b48; font-weight: 600; margin-bottom: 0.35rem; text-align: center;\">Elvas (PT)<\/div>\n<div style=\"font-weight: bold;\"><span style=\"font-weight: bold;\">07:00\u201309:00<\/span> - Acesso ao Museu Militar<\/div>\n<div style=\"font-weight: bold; margin-top: 0.35rem;\"><span style=\"font-weight: bold;\">07:30\u201308:30<\/span> - Secretaria da corrida (peitoral)<\/div>\n<div style=\"font-weight: bold; margin-top: 0.35rem;\"><span style=\"font-weight: bold;\">08:30\u201308:55<\/span> - Controlo de sa\u00edda da fossa<\/div>\n<div style=\"font-weight: bold; margin-top: 0.35rem;\"><span style=\"font-weight: bold;\">08:50\u201308:55<\/span> - Corte de fita do protocolo<\/div>\n<div style=\"font-weight: bold; margin-top: 0.45rem;\"><span style=\"font-weight: bold;\">09:00\u201309:30<\/span> - Partida UGWS - 114 Gravel Race<\/div>\n<\/div>\n<div style=\"padding: 0.95rem 1.05rem; border-radius: 1.2rem; background: rgba(0,0,0,0.03);\">\n<div style=\"font-size: 0.78rem; letter-spacing: 0.16em; text-transform: uppercase; color: #7b6b48; font-weight: 600; margin-bottom: 0.35rem; text-align: center;\">Badajoz (ES)<\/div>\n<div style=\"font-weight: bold;\"><span style=\"font-weight: bold;\">12:30\u201312:45<\/span> - Chegada do primeiro participante<\/div>\n<div style=\"font-weight: bold; margin-top: 0.35rem;\"><span style=\"font-weight: bold;\">14:30\u201315:00<\/span> - P\u00f3dios + camisolas<\/div>\n<div style=\"font-weight: bold; margin-top: 0.35rem;\"><span style=\"font-weight: bold;\">16:00\u201317:15<\/span>\u00a0- Transferir Elvas \u2192 Badajoz<\/div>\n<\/div>\n<\/div>\n<div style=\"margin-top: 1.15rem; text-align: center;\"><a style=\"display: inline-flex; align-items: center; justify-content: center; min-height: 40px; padding: 0.72rem 1.25rem; border-radius: 999px; background: #111; color: #fff; text-decoration: none; letter-spacing: 0.14em; text-transform: uppercase; font-weight: 600; font-size: 0.74rem; line-height: 1;\" href=\"https:\/\/calendar.google.com\/calendar\/render?action=TEMPLATE&amp;text=114%20Gravel%20Race%20-%20D%C3%ADa%20de%20Carrera%20(S%C3%A1bado%2028)&amp;dates=20260328T063000\/20260328T170000&amp;details=Transfer%20Badajoz-Elvas%2006%3A30-07%3A30.%20Salida%20Elvas%2009%3A00.%20Llegada%20primer%20participante%2012%3A30.%20Podios%2014%3A30.%20Transfer%20Elvas-Badajoz%2015%3A00-17%3A00.%20Horarios%20en%20hora%20local%20(PT\/ES).&amp;location=Badajoz%20(Espa%C3%B1a)%20-%20Ubicaci%C3%B3n%20oficial%20+%20Elvas%20(Portugal)&amp;ctz=Europe\/Madrid\" target=\"_blank\" rel=\"noopener\"><br \/>\nAdicionar o s\u00e1bado ao calend\u00e1rio<br \/>\n<\/a><\/div>\n<\/section>\n<\/div>\n<p><!-- NOTA --><\/p>\n<p style=\"margin: 2.2rem auto 0; max-width: 980px; font-size: 0.9rem; line-height: 1.75; color: #666; text-align: center;\">Nota: o programa pode ser ajustado devido a necessidades log\u00edsticas, meteorol\u00f3gicas ou organizacionais.<br \/>\nAs horas indicadas correspondem \u00e0s <strong style=\"font-weight: bold;\">hora local<\/strong> de cada pa\u00eds:<br \/>\n<strong style=\"font-weight: bold;\">PT<\/strong> para Portugal e <strong style=\"font-weight: bold;\">PT<\/strong> para Espanha.<\/p>\n<\/section>","protected":false},"excerpt":{"rendered":"<p>Programa 114 Gravel Race \u00b7 UGWS 2026 Actividades y horarios del fin de semana 26\u201328 de marzo de 2026. Los horarios se muestran en hora local de cada pa\u00eds: PT (Portugal) y ES (Espa\u00f1a). Jueves 26 Viernes 27 S\u00e1bado 28 A\u00f1adir programa completo al calendario Badajoz \u00b7 ubicaci\u00f3n oficial de actividades Ver en Google Maps [&hellip;]<\/p>\n","protected":false},"author":145518867,"featured_media":0,"parent":0,"menu_order":0,"comment_status":"closed","ping_status":"closed","template":"","meta":{"_crdt_document":"","advanced_seo_description":"","jetpack_seo_html_title":"","jetpack_seo_noindex":false,"footnotes":""},"class_list":["post-556","page","type-page","status-publish","hentry"],"jetpack_likes_enabled":true,"jetpack_sharing_enabled":true,"jetpack_shortlink":"https:\/\/wp.me\/PgJXiI-8Y","jetpack-related-posts":[],"_links":{"self":[{"href":"https:\/\/114gravelrace.com\/pt\/wp-json\/wp\/v2\/pages\/556","targetHints":{"allow":["GET"]}}],"collection":[{"href":"https:\/\/114gravelrace.com\/pt\/wp-json\/wp\/v2\/pages"}],"about":[{"href":"https:\/\/114gravelrace.com\/pt\/wp-json\/wp\/v2\/types\/page"}],"author":[{"embeddable":true,"href":"https:\/\/114gravelrace.com\/pt\/wp-json\/wp\/v2\/users\/145518867"}],"replies":[{"embeddable":true,"href":"https:\/\/114gravelrace.com\/pt\/wp-json\/wp\/v2\/comments?post=556"}],"version-history":[{"count":8,"href":"https:\/\/114gravelrace.com\/pt\/wp-json\/wp\/v2\/pages\/556\/revisions"}],"predecessor-version":[{"id":656,"href":"https:\/\/114gravelrace.com\/pt\/wp-json\/wp\/v2\/pages\/556\/revisions\/656"}],"wp:attachment":[{"href":"https:\/\/114gravelrace.com\/pt\/wp-json\/wp\/v2\/media?parent=556"}],"curies":[{"name":"wp","href":"https:\/\/api.w.org\/{rel}","templated":true}]}}