{"id":639,"date":"2026-03-22T20:52:35","date_gmt":"2026-03-22T20:52:35","guid":{"rendered":"https:\/\/114gravelrace.com\/?page_id=639"},"modified":"2026-03-24T07:04:14","modified_gmt":"2026-03-24T07:04:14","slug":"technical-guide","status":"publish","type":"page","link":"https:\/\/114gravelrace.com\/en\/guiatecnica\/","title":{"rendered":"Technical Guide"},"content":{"rendered":"<section style=\"    max-width:1180px;    margin:0 auto;    padding:3.2rem 1.25rem 4.5rem;    font-family:Montserrat, system-ui, -apple-system, BlinkMacSystemFont, 'Segoe UI', sans-serif;    color:#111;  \">\n  <!-- HERO -->\n  <header style=\"text-align:center; margin:0 0 1.8rem;\">\n    <span style=\"        display:inline-flex;        align-items:center;        justify-content:center;        padding:.45rem .9rem;        border-radius:999px;        background:#111;        color:#fff;        font-size:.72rem;        letter-spacing:.18em;        text-transform:uppercase;        font-weight:600;      \">\n      Technical Guide 2026\n    <\/span>\n\n    <h1 style=\"        margin:1rem 0 .75rem;        font-size:1.9rem;        line-height:1.15;        letter-spacing:.16em;        text-transform:uppercase;        font-weight:600;      \">\n      Technical Guide - 114 Gravel Race\n    <\/h1>\n\n    <p style=\"        max-width:860px;        margin:0 auto;        font-size:1rem;        line-height:1.7;        color:#444;      \">\n      Download the official guide in your language and consult here the essential information to prepare your race weekend:\n      schedules, Race Office, start, finish, changing rooms, showers, transfer, course and participant services.\n    <\/p>\n  <\/header>\n\n  <!-- DESCARGAS -->\n  <section style=\"      background:rgba(255,255,255,.90);      border-radius:26px;      padding:1.25rem;      box-shadow:0 18px 40px rgba(0,0,0,.12);      margin:0 0 1.4rem;    \">\n    <div style=\"        display:flex;        align-items:center;        justify-content:space-between;        gap:1rem;        flex-wrap:wrap;        margin:0 0 1rem;      \">\n      <div>\n        <h2 style=\"            margin:0 0 .35rem;            font-size:1.02rem;            letter-spacing:.18em;            text-transform:uppercase;            font-weight:600;          \">\n          Download official guide\n        <\/h2>\n        <p style=\"margin:0; font-size:.92rem; line-height:1.6; color:#555;\">\n          Choose the download language.\n        <\/p>\n      <\/div>\n    <\/div>\n\n    <div style=\"display:grid; grid-template-columns:repeat(auto-fit, minmax(240px, 1fr)); gap:1rem;\">\n      <a href=\"https:\/\/114gravelrace.com\/wp-content\/uploads\/2026\/03\/ES-GUIA-TECNICA-UGWS-114-GRAVEL-RACE-2026_compressed.pdf\" target=\"_blank\" rel=\"noopener\" style=\"          display:block;          text-decoration:none;          background:#fff;          border:1px solid rgba(0,0,0,.08);          border-radius:20px;          padding:1.1rem 1rem;          box-shadow:0 10px 24px rgba(0,0,0,.07);          color:#111;        \">\n        <div style=\"font-size:.76rem; letter-spacing:.18em; text-transform:uppercase; color:#666; margin:0 0 .35rem;\">Spanish<\/div>\n        <div style=\"font-size:1.05rem; font-weight:700; margin:0 0 .35rem;\">Download technical guide<\/div>\n        <div style=\"font-size:.9rem; color:#555;\">Official PDF - english<\/div>\n      <\/a>\n\n      <a href=\"https:\/\/114gravelrace.com\/wp-content\/uploads\/2026\/03\/ENG-GUIA-TECNICA-UGWS-114-GRAVEL-RACE-2026_compressed.pdf\" target=\"_blank\" rel=\"noopener\" style=\"          display:block;          text-decoration:none;          background:#fff;          border:1px solid rgba(0,0,0,.08);          border-radius:20px;          padding:1.1rem 1rem;          box-shadow:0 10px 24px rgba(0,0,0,.07);          color:#111;        \">\n        <div style=\"font-size:.76rem; letter-spacing:.18em; text-transform:uppercase; color:#666; margin:0 0 .35rem;\">Espa\u00f1ol<\/div>\n        <div style=\"font-size:1.05rem; font-weight:700; margin:0 0 .35rem;\">Download technical guide<\/div>\n        <div style=\"font-size:.9rem; color:#555;\">Official PDF - Espa\u00f1ol<\/div>\n      <\/a>\n\n      <a href=\"https:\/\/114gravelrace.com\/wp-content\/uploads\/2026\/03\/PT-GUIA-TECNICA-UGWS-114-GRAVEL-RACE-2026_compressed.pdf\" target=\"_blank\" rel=\"noopener\" style=\"          display:block;          text-decoration:none;          background:#fff;          border:1px solid rgba(0,0,0,.08);          border-radius:20px;          padding:1.1rem 1rem;          box-shadow:0 10px 24px rgba(0,0,0,.07);          color:#111;        \">\n        <div style=\"font-size:.76rem; letter-spacing:.18em; text-transform:uppercase; color:#666; margin:0 0 .35rem;\">Portugu\u00eas<\/div>\n        <div style=\"font-size:1.05rem; font-weight:700; margin:0 0 .35rem;\">Download technical guide<\/div>\n        <div style=\"font-size:.9rem; color:#555;\">Official PDF - portugu\u00eas<\/div>\n      <\/a>\n    <\/div>\n  <\/section>\n\n  <!-- RESUMEN R\u00c1PIDO -->\n  <section style=\"      display:grid;      grid-template-columns:repeat(auto-fit, minmax(220px, 1fr));      gap:1rem;      margin:0 0 1.5rem;    \">\n    <div style=\"background:#fff; border-radius:22px; padding:1.05rem 1rem; box-shadow:0 16px 34px rgba(0,0,0,.10);\">\n      <div style=\"font-size:.72rem; letter-spacing:.18em; text-transform:uppercase; color:#666; margin:0 0 .35rem;\">Main date<\/div>\n      <div style=\"font-size:1.08rem; font-weight:700;\">Saturday, March 28, 2026<\/div>\n      <div style=\"margin:.35rem 0 0; font-size:.9rem; line-height:1.55; color:#555;\">Departure UGWS 114 Gravel Race from Elvas and arrival in Badajoz.<\/div>\n    <\/div>\n\n    <div style=\"background:#fff; border-radius:22px; padding:1.05rem 1rem; box-shadow:0 16px 34px rgba(0,0,0,.10);\">\n      <div style=\"font-size:.72rem; letter-spacing:.18em; text-transform:uppercase; color:#666; margin:0 0 .35rem;\">Long distance<\/div>\n      <div style=\"font-size:1.08rem; font-weight:700;\">137.12 km - +1,129 m<\/div>\n      <div style=\"margin:.35rem 0 0; font-size:.9rem; line-height:1.55; color:#555;\">Elvas - Badajoz - Villareal - Olivenza - Badajoz.<\/div>\n    <\/div>\n\n    <div style=\"background:#fff; border-radius:22px; padding:1.05rem 1rem; box-shadow:0 16px 34px rgba(0,0,0,.10);\">\n      <div style=\"font-size:.72rem; letter-spacing:.18em; text-transform:uppercase; color:#666; margin:0 0 .35rem;\">Express<\/div>\n      <div style=\"font-size:1.08rem; font-weight:700;\">68.23 km - +484 m<\/div>\n      <div style=\"margin:.35rem 0 0; font-size:.9rem; line-height:1.55; color:#555;\">Departure at Museu Militar de Elvas and arrival in Badajoz.<\/div>\n    <\/div>\n\n    <div style=\"background:#fff; border-radius:22px; padding:1.05rem 1rem; box-shadow:0 16px 34px rgba(0,0,0,.10);\">\n      <div style=\"font-size:.72rem; letter-spacing:.18em; text-transform:uppercase; color:#666; margin:0 0 .35rem;\">Race Office<\/div>\n      <div style=\"font-size:1.08rem; font-weight:700;\">Elvas + Badajoz<\/div>\n      <div style=\"margin:.35rem 0 0; font-size:.9rem; line-height:1.55; color:#555;\">Accreditation, race bibs, queries and runner services.<\/div>\n    <\/div>\n  <\/section>\n\n  <!-- HORARIOS -->\n  <section style=\"      background:rgba(255,255,255,.92);      border-radius:26px;      padding:1.25rem;      box-shadow:0 18px 40px rgba(0,0,0,.12);      margin:0 0 1.5rem;    \">\n    <h2 style=\"        margin:0 0 1rem;        font-size:1.02rem;        letter-spacing:.18em;        text-transform:uppercase;        font-weight:600;      \">\n      Key times\n    <\/h2>\n\n    <div style=\"display:grid; grid-template-columns:repeat(auto-fit, minmax(240px, 1fr)); gap:1rem;\">\n      <div style=\"background:#fff; border-radius:20px; padding:1rem; border:1px solid rgba(0,0,0,.08);\">\n        <div style=\"font-size:.78rem; letter-spacing:.16em; text-transform:uppercase; color:#666; margin:0 0 .45rem;\">Thursday 26 - Elvas<\/div>\n        <ul style=\"margin:0; padding:0 0 0 1rem; line-height:1.65; color:#444; font-size:.92rem;\">\n          <li>10:00-13:00 PT - Race Office + bibs (age groups only)<\/li>\n          <li>10:30-12:00 PT - Social Ride by Specialized<\/li>\n          <li>16:30-18:30 PT - Fort of Gra\u00e7a Chrono-climbing<\/li>\n          <li>18:30-19:00 PT - Chrono-climbing trophies<\/li>\n          <li>17:00-19:00 PT - Race Office + race bibs<\/li>\n        <\/ul>\n      <\/div>\n\n      <div style=\"background:#fff; border-radius:20px; padding:1rem; border:1px solid rgba(0,0,0,.08);\">\n        <div style=\"font-size:.78rem; letter-spacing:.16em; text-transform:uppercase; color:#666; margin:0 0 .45rem;\">Friday 27 - Elvas \/ Badajoz<\/div>\n        <ul style=\"margin:0; padding:0 0 0 1rem; line-height:1.65; color:#444; font-size:.92rem;\">\n          <li>10:00-13:00 PT - Race Office Elvas + bibs<\/li>\n          <li>10:30-12:00 PT - Social Ride<\/li>\n          <li>17:30-20:00 EN - Race Office Badajoz + race bibs<\/li>\n          <li>17:30-20:00 EN - Bicycle transfer<\/li>\n          <li>17:00-18:30 EN - Social Ride by Specialized Badajoz<\/li>\n        <\/ul>\n      <\/div>\n\n      <div style=\"background:#fff; border-radius:20px; padding:1rem; border:1px solid rgba(0,0,0,.08);\">\n        <div style=\"font-size:.78rem; letter-spacing:.16em; text-transform:uppercase; color:#666; margin:0 0 .45rem;\">Saturday 28 - Race day<\/div>\n        <ul style=\"margin:0; padding:0 0 0 1rem; line-height:1.65; color:#444; font-size:.92rem;\">\n          <li>07:30-08:30 PT - Race Office Elvas + race bibs<\/li>\n          <li>08:30-08:55 PT - Opening and control of the pits<\/li>\n          <li>08:50-08:55 PT - Ribbon cutting ceremony<\/li>\n          <li>09:00-09:30 PT - Departure UGWS 114 Gravel Race<\/li>\n          <li>14:30-15:00 EN - Trophies and jerseys<\/li>\n        <\/ul>\n      <\/div>\n\n      <div style=\"background:#fff; border-radius:20px; padding:1rem; border:1px solid rgba(0,0,0,.08);\">\n        <div style=\"font-size:.78rem; letter-spacing:.16em; text-transform:uppercase; color:#666; margin:0 0 .45rem;\">Sunday 29<\/div>\n        <ul style=\"margin:0; padding:0 0 0 1rem; line-height:1.65; color:#444; font-size:.92rem;\">\n          <li>10:30-12:00 PT - Social Ride by Specialized<\/li>\n        <\/ul>\n      <\/div>\n    <\/div>\n  <\/section>\n\n  <!-- UBICACIONES -->\n  <section style=\"      background:rgba(255,255,255,.92);      border-radius:26px;      padding:1.25rem;      box-shadow:0 18px 40px rgba(0,0,0,.12);      margin:0 0 1.5rem;    \">\n    <h2 style=\"        margin:0 0 1rem;        font-size:1.02rem;        letter-spacing:.18em;        text-transform:uppercase;        font-weight:600;      \">\n      Key locations\n    <\/h2>\n\n    <div style=\"display:grid; grid-template-columns:repeat(auto-fit, minmax(240px, 1fr)); gap:1rem;\">\n      <div style=\"background:#fff; border-radius:20px; padding:1rem; border:1px solid rgba(0,0,0,.08);\">\n        <div style=\"font-size:.76rem; letter-spacing:.16em; text-transform:uppercase; color:#666; margin:0 0 .35rem;\">Race Office - Elvas<\/div>\n        <div style=\"font-size:1rem; font-weight:700; margin:0 0 .35rem;\">Military Museum of Elvas<\/div>\n        <p style=\"margin:0 0 .8rem; font-size:.9rem; line-height:1.6; color:#555;\">\n          Accreditation, collection of bibs and departure.\n        <\/p>\n        <a href=\"https:\/\/maps.app.goo.gl\/AWbAhFvfBBuGcPWw5\" target=\"_blank\" rel=\"noopener\" style=\"display:inline-flex; align-items:center; justify-content:center; height:40px; padding:0 1rem; border-radius:999px; background:#111; color:#fff; text-decoration:none; font-size:.78rem; letter-spacing:.14em; text-transform:uppercase; font-weight:600;\">See location<\/a>\n      <\/div>\n\n      <div style=\"background:#fff; border-radius:20px; padding:1rem; border:1px solid rgba(0,0,0,.08);\">\n        <div style=\"font-size:.76rem; letter-spacing:.16em; text-transform:uppercase; color:#666; margin:0 0 .35rem;\">Race Office - Badajoz<\/div>\n        <div style=\"font-size:1rem; font-weight:700; margin:0 0 .35rem;\">Paseo Fluvial Park<\/div>\n        <p style=\"margin:0 0 .8rem; font-size:.9rem; line-height:1.6; color:#555;\">\n          Race Office, arrival, laundry room and Party Zone.\n        <\/p>\n        <a href=\"https:\/\/maps.app.goo.gl\/xbbrzFYh8uy2USBj7\" target=\"_blank\" rel=\"noopener\" style=\"display:inline-flex; align-items:center; justify-content:center; height:40px; padding:0 1rem; border-radius:999px; background:#111; color:#fff; text-decoration:none; font-size:.78rem; letter-spacing:.14em; text-transform:uppercase; font-weight:600;\">See location<\/a>\n      <\/div>\n\n      <div style=\"background:#fff; border-radius:20px; padding:1rem; border:1px solid rgba(0,0,0,.08);\">\n        <div style=\"font-size:.76rem; letter-spacing:.16em; text-transform:uppercase; color:#666; margin:0 0 .35rem;\">Elvas - corridor services<\/div>\n        <div style=\"font-size:1rem; font-weight:700; margin:0 0 .35rem;\">Municipal Athletics Stadium<\/div>\n        <p style=\"margin:0 0 .8rem; font-size:.9rem; line-height:1.6; color:#555;\">\n          Changing rooms, showers, parking and bike wash.\n        <\/p>\n        <a href=\"https:\/\/maps.app.goo.gl\/3aGbZ4BStAQHu5639\" target=\"_blank\" rel=\"noopener\" style=\"display:inline-flex; align-items:center; justify-content:center; height:40px; padding:0 1rem; border-radius:999px; background:#111; color:#fff; text-decoration:none; font-size:.78rem; letter-spacing:.14em; text-transform:uppercase; font-weight:600;\">See location<\/a>\n      <\/div>\n\n      <div style=\"background:#fff; border-radius:20px; padding:1rem; border:1px solid rgba(0,0,0,.08);\">\n        <div style=\"font-size:.76rem; letter-spacing:.16em; text-transform:uppercase; color:#666; margin:0 0 .35rem;\">Badajoz - showers \/ changing rooms<\/div>\n        <div style=\"font-size:1rem; font-weight:700; margin:0 0 .35rem;\">La Granadilla sports facilities<\/div>\n        <p style=\"margin:0 0 .8rem; font-size:.9rem; line-height:1.6; color:#555;\">\n          Showers and changing rooms in Badajoz.\n        <\/p>\n        <a href=\"https:\/\/maps.app.goo.gl\/fKSQzc4heAjzkpjN7\" target=\"_blank\" rel=\"noopener\" style=\"display:inline-flex; align-items:center; justify-content:center; height:40px; padding:0 1rem; border-radius:999px; background:#111; color:#fff; text-decoration:none; font-size:.78rem; letter-spacing:.14em; text-transform:uppercase; font-weight:600;\">See location<\/a>\n      <\/div>\n\n      <div style=\"background:#fff; border-radius:20px; padding:1rem; border:1px solid rgba(0,0,0,.08);\">\n        <div style=\"font-size:.76rem; letter-spacing:.16em; text-transform:uppercase; color:#666; margin:0 0 .35rem;\">Badajoz - parking<\/div>\n        <div style=\"font-size:1rem; font-weight:700; margin:0 0 .35rem;\">Tuesday Flea Market<\/div>\n        <p style=\"margin:0 0 .8rem; font-size:.9rem; line-height:1.6; color:#555;\">\n          Recommended parking in the finish line area.\n        <\/p>\n        <a href=\"https:\/\/maps.app.goo.gl\/KHTGCULzna3PpuTH8\" _blank\"=\"\" rel=\"noopener\" style=\"display:inline-flex; align-items:center; justify-content:center; height:40px; padding:0 1rem; border-radius:999px; background:#111; color:#fff; text-decoration:none; font-size:.78rem; letter-spacing:.14em; text-transform:uppercase; font-weight:600;\">See location<\/a>\n      <\/div>\n    <\/div>\n  <\/section>\n\n  <!-- SERVICIOS Y RECORRIDO -->\n  <section style=\"      display:grid;      grid-template-columns:1.2fr .8fr;      gap:1rem;      margin:0 0 1.5rem;    \">\n    <div style=\"        background:rgba(255,255,255,.92);        border-radius:26px;        padding:1.25rem;        box-shadow:0 18px 40px rgba(0,0,0,.12);      \">\n      <h2 style=\"margin:0 0 1rem; font-size:1.02rem; letter-spacing:.18em; text-transform:uppercase; font-weight:600;\">\n        Tour and services\n      <\/h2>\n\n      <div style=\"display:grid; grid-template-columns:repeat(auto-fit, minmax(240px, 1fr)); gap:1rem;\">\n        <div style=\"background:#fff; border-radius:20px; padding:1rem; border:1px solid rgba(0,0,0,.08);\">\n          <div style=\"font-size:.76rem; letter-spacing:.16em; text-transform:uppercase; color:#666; margin:0 0 .35rem;\">114 Gravel Race<\/div>\n          <div style=\"font-size:1.1rem; font-weight:700; margin:0 0 .35rem;\">137.12 km - +1,129 m<\/div>\n          <p style=\"margin:0; font-size:.9rem; line-height:1.6; color:#555;\">\n            Main route starting at Museu Militar de Elvas and finishing at Parque Paseo del Guadiana.\n          <\/p>\n        <\/div>\n\n        <div style=\"background:#fff; border-radius:20px; padding:1rem; border:1px solid rgba(0,0,0,.08);\">\n          <div style=\"font-size:.76rem; letter-spacing:.16em; text-transform:uppercase; color:#666; margin:0 0 .35rem;\">114 Gravel Race Express<\/div>\n          <div style=\"font-size:1.1rem; font-weight:700; margin:0 0 .35rem;\">68.23 km - +484 m<\/div>\n          <p style=\"margin:0; font-size:.9rem; line-height:1.6; color:#555;\">\n            Express option with departure in Elvas and arrival in Badajoz.\n          <\/p>\n        <\/div>\n\n        <div style=\"background:#fff; border-radius:20px; padding:1rem; border:1px solid rgba(0,0,0,.08);\">\n          <div style=\"font-size:.76rem; letter-spacing:.16em; text-transform:uppercase; color:#666; margin:0 0 .35rem;\">Technical areas<\/div>\n          <p style=\"margin:0; font-size:.9rem; line-height:1.65; color:#555;\">\n            Technical Zone 1 - Km 46<br>\n            Technical Zone 2 - Km 77<br>\n            Technical Zone 3 - Km 122\n          <\/p>\n        <\/div>\n\n        <div style=\"background:#fff; border-radius:20px; padding:1rem; border:1px solid rgba(0,0,0,.08);\">\n          <div style=\"font-size:.76rem; letter-spacing:.16em; text-transform:uppercase; color:#666; margin:0 0 .35rem;\">Health care<\/div>\n          <p style=\"margin:0; font-size:.9rem; line-height:1.65; color:#555;\">\n            Medical center in the arrival paddock - Nuevo Vivero Stadium (Badajoz).<br>\n            Medical stations at km 46, km 77 and km 122.\n          <\/p>\n        <\/div>\n      <\/div>\n    <\/div>\n\n    <div style=\"        background:rgba(255,255,255,.92);        border-radius:26px;        padding:1.25rem;        box-shadow:0 18px 40px rgba(0,0,0,.12);      \">\n      <h2 style=\"margin:0 0 1rem; font-size:1.02rem; letter-spacing:.18em; text-transform:uppercase; font-weight:600;\">\n        Transfer\n      <\/h2>\n\n      <p style=\"margin:0 0 .8rem; font-size:.92rem; line-height:1.65; color:#555;\">\n        Participants with contracted transfer service: delivery of bicycles on Friday, March 27, 2026 from 17:30 to 20:00.\n      <\/p>\n\n      <div style=\"background:#fff; border-radius:20px; padding:1rem; border:1px solid rgba(0,0,0,.08); margin:0 0 .8rem;\">\n        <div style=\"font-size:.78rem; letter-spacing:.16em; text-transform:uppercase; color:#666; margin:0 0 .45rem;\">Main outlets<\/div>\n        <p style=\"margin:0; font-size:.9rem; line-height:1.7; color:#555;\">\n          07:30 PT \/ 08:30 ES<br>\n          15:30 PT \/ 16:30 ES<br>\n          16:30 PT \/ 17:30 ES\n        <\/p>\n      <\/div>\n\n      <a href=\"https:\/\/goo.gl\/maps\/t1YmR6PPgUrGuLww6\" target=\"_blank\" rel=\"noopener\" style=\"display:inline-flex; align-items:center; justify-content:center; height:42px; padding:0 1rem; border-radius:999px; background:#111; color:#fff; text-decoration:none; font-size:.78rem; letter-spacing:.14em; text-transform:uppercase; font-weight:600;\">\n        Transfer departure point\n      <\/a>\n    <\/div>\n  <\/section>\n\n  <!-- CTA FINAL -->\n  <section style=\"      background:linear-gradient(135deg, rgba(255,255,255,.96), rgba(255,255,255,.88));      border-radius:26px;      padding:1.35rem 1.25rem;      box-shadow:0 18px 40px rgba(0,0,0,.12);      text-align:center;    \">\n    <h2 style=\"margin:0 0 .55rem; font-size:1.02rem; letter-spacing:.18em; text-transform:uppercase; font-weight:600;\">\n      Contact and emergencies\n    <\/h2>\n\n    <p style=\"margin:0 auto .95rem; max-width:760px; font-size:.94rem; line-height:1.7; color:#555;\">\n      staff@extremenamente.com - +34 679 886 752 - +34 643 678 248 - Emergencies 112\n    <\/p>\n\n    <div style=\"display:flex; justify-content:center; gap:.75rem; flex-wrap:wrap;\">\n      <a href=\"https:\/\/114gravelrace.com\/en\/\" target=\"_blank\" rel=\"noopener\" style=\"          display:inline-flex;          align-items:center;          justify-content:center;          height:44px;          padding:0 1.2rem;          border-radius:999px;          background:#000;          color:#fff;          text-decoration:none;          font-size:.8rem;          letter-spacing:.16em;          text-transform:uppercase;          font-weight:600;          box-shadow:0 18px 40px rgba(0,0,0,.18);        \">\n        Official website\n      <\/a>\n\n      <a href=\"mailto:staff@extremenamente.com\" style=\"          display:inline-flex;          align-items:center;          justify-content:center;          height:44px;          padding:0 1.2rem;          border-radius:999px;          background:rgba(255,255,255,.92);          color:#111;          border:1px solid rgba(0,0,0,.12);          text-decoration:none;          font-size:.8rem;          letter-spacing:.16em;          text-transform:uppercase;          font-weight:600;        \">\n        Contact\n      <\/a>\n    <\/div>\n  <\/section>\n<\/section>","protected":false},"excerpt":{"rendered":"<p>Technical Guide 2026 Gu\u00eda T\u00e9cnica \u00b7 114 Gravel Race Descarga la gu\u00eda oficial en tu idioma y consulta aqu\u00ed la informaci\u00f3n esencial para preparar tu fin de semana de carrera: horarios, Race Office, salida, meta, vestuarios, duchas, transfer, recorrido y servicios al participante. Descarga de gu\u00eda oficial Elige el idioma de descarga. Espa\u00f1ol Descargar gu\u00eda [&hellip;]<\/p>\n","protected":false},"author":145518867,"featured_media":0,"parent":0,"menu_order":0,"comment_status":"closed","ping_status":"closed","template":"","meta":{"_crdt_document":"","advanced_seo_description":"","jetpack_seo_html_title":"","jetpack_seo_noindex":false,"footnotes":""},"class_list":["post-639","page","type-page","status-publish","hentry"],"jetpack_likes_enabled":true,"jetpack_sharing_enabled":true,"jetpack_shortlink":"https:\/\/wp.me\/PgJXiI-aj","jetpack-related-posts":[],"_links":{"self":[{"href":"https:\/\/114gravelrace.com\/en\/wp-json\/wp\/v2\/pages\/639","targetHints":{"allow":["GET"]}}],"collection":[{"href":"https:\/\/114gravelrace.com\/en\/wp-json\/wp\/v2\/pages"}],"about":[{"href":"https:\/\/114gravelrace.com\/en\/wp-json\/wp\/v2\/types\/page"}],"author":[{"embeddable":true,"href":"https:\/\/114gravelrace.com\/en\/wp-json\/wp\/v2\/users\/145518867"}],"replies":[{"embeddable":true,"href":"https:\/\/114gravelrace.com\/en\/wp-json\/wp\/v2\/comments?post=639"}],"version-history":[{"count":5,"href":"https:\/\/114gravelrace.com\/en\/wp-json\/wp\/v2\/pages\/639\/revisions"}],"predecessor-version":[{"id":657,"href":"https:\/\/114gravelrace.com\/en\/wp-json\/wp\/v2\/pages\/639\/revisions\/657"}],"wp:attachment":[{"href":"https:\/\/114gravelrace.com\/en\/wp-json\/wp\/v2\/media?parent=639"}],"curies":[{"name":"wp","href":"https:\/\/api.w.org\/{rel}","templated":true}]}}